{"id":273,"date":"2020-11-17T14:29:52","date_gmt":"2020-11-17T14:29:52","guid":{"rendered":"https:\/\/psicoterapiacognitivasdb.ch\/?page_id=273"},"modified":"2022-12-02T14:04:57","modified_gmt":"2022-12-02T14:04:57","slug":"sonia-dal-ben","status":"publish","type":"page","link":"https:\/\/psicoterapiacognitivasdb.ch\/?page_id=273","title":{"rendered":"Sonia Dal Ben"},"content":{"rendered":"\t\t<div data-elementor-type=\"wp-page\" data-elementor-id=\"273\" class=\"elementor elementor-273\" data-elementor-post-type=\"page\">\n\t\t\t\t\t\t<section class=\"elementor-section elementor-top-section elementor-element elementor-element-9ef62dc elementor-section-height-min-height elementor-section-boxed elementor-section-height-default elementor-section-items-middle\" data-id=\"9ef62dc\" data-element_type=\"section\" data-e-type=\"section\" data-settings=\"{&quot;background_background&quot;:&quot;classic&quot;}\">\n\t\t\t\t\t\t\t<div class=\"elementor-background-overlay\"><\/div>\n\t\t\t\t\t\t\t<div class=\"elementor-container elementor-column-gap-default\">\n\t\t\t\t\t<div class=\"elementor-column elementor-col-100 elementor-top-column elementor-element elementor-element-f70cfe9\" data-id=\"f70cfe9\" data-element_type=\"column\" data-e-type=\"column\">\n\t\t\t<div class=\"elementor-widget-wrap elementor-element-populated\">\n\t\t\t\t\t\t<div class=\"elementor-element elementor-element-173332f elementor-widget elementor-widget-heading\" data-id=\"173332f\" data-element_type=\"widget\" data-e-type=\"widget\" data-widget_type=\"heading.default\">\n\t\t\t\t<div class=\"elementor-widget-container\">\n\t\t\t\t\t<h1 class=\"elementor-heading-title elementor-size-default\">Sonia Dal Ben<\/h1>\t\t\t\t<\/div>\n\t\t\t\t<\/div>\n\t\t\t\t<div class=\"elementor-element elementor-element-b6380bb elementor-widget elementor-widget-heading\" data-id=\"b6380bb\" data-element_type=\"widget\" data-e-type=\"widget\" data-widget_type=\"heading.default\">\n\t\t\t\t<div class=\"elementor-widget-container\">\n\t\t\t\t\t<h6 class=\"elementor-heading-title elementor-size-default\">Psicologa e Psicoterapeuta Cognitiva<\/h6>\t\t\t\t<\/div>\n\t\t\t\t<\/div>\n\t\t\t\t\t<\/div>\n\t\t<\/div>\n\t\t\t\t\t<\/div>\n\t\t<\/section>\n\t\t\t\t<section class=\"elementor-section elementor-top-section elementor-element elementor-element-969180c elementor-section-boxed elementor-section-height-default elementor-section-height-default\" data-id=\"969180c\" data-element_type=\"section\" data-e-type=\"section\" data-settings=\"{&quot;background_background&quot;:&quot;classic&quot;}\">\n\t\t\t\t\t\t<div class=\"elementor-container elementor-column-gap-default\">\n\t\t\t\t\t<div class=\"elementor-column elementor-col-100 elementor-top-column elementor-element elementor-element-35468b7\" data-id=\"35468b7\" data-element_type=\"column\" data-e-type=\"column\">\n\t\t\t<div class=\"elementor-widget-wrap elementor-element-populated\">\n\t\t\t\t\t\t<div class=\"elementor-element elementor-element-6bbfa1c elementor-widget elementor-widget-text-editor\" data-id=\"6bbfa1c\" data-element_type=\"widget\" data-e-type=\"widget\" data-widget_type=\"text-editor.default\">\n\t\t\t\t<div class=\"elementor-widget-container\">\n\t\t\t\t\t\t\t\t\t<p><em>\u201cAndare dallo piscologo non \u00e8 &#8216;per i pazzi&#8217;, \u00e8 per tutti, poich\u00e8 tutti possiamo avere un momento di difficolt\u00e0, dove non sappiamo che strada prendere, dove abbiamo mille dubbi, dove ci sentiamo tristi o ansiosi , o anche semplicemente per conoscere meglio noi stessi.\u00a0\u00a0\u00a0\u00a0\u00a0\u00a0\u00a0 <\/em><\/p><p><strong><em>I<\/em><em>l professionista siede al tuo fianco nel tuo momento buio, e ti fa luce lungo la strada&#8221;<\/em><\/strong><\/p>\t\t\t\t\t\t\t\t<\/div>\n\t\t\t\t<\/div>\n\t\t\t\t\t<\/div>\n\t\t<\/div>\n\t\t\t\t\t<\/div>\n\t\t<\/section>\n\t\t\t\t<section class=\"elementor-section elementor-top-section elementor-element elementor-element-338f022 elementor-section-boxed elementor-section-height-default elementor-section-height-default\" data-id=\"338f022\" data-element_type=\"section\" data-e-type=\"section\" data-settings=\"{&quot;background_background&quot;:&quot;classic&quot;}\">\n\t\t\t\t\t\t\t<div class=\"elementor-background-overlay\"><\/div>\n\t\t\t\t\t\t\t<div class=\"elementor-container elementor-column-gap-default\">\n\t\t\t\t\t<div class=\"elementor-column elementor-col-100 elementor-top-column elementor-element elementor-element-58bc7d9\" data-id=\"58bc7d9\" data-element_type=\"column\" data-e-type=\"column\">\n\t\t\t<div class=\"elementor-widget-wrap elementor-element-populated\">\n\t\t\t\t\t\t<div class=\"elementor-element elementor-element-00ccd37 elementor-widget elementor-widget-text-editor\" data-id=\"00ccd37\" data-element_type=\"widget\" data-e-type=\"widget\" data-widget_type=\"text-editor.default\">\n\t\t\t\t<div class=\"elementor-widget-container\">\n\t\t\t\t\t\t\t\t\t<p>Sono una<strong><em> Psicologa e Psicoterapeuta FSP <\/em>ad orientamento Cognitivo<\/strong> , riconosciuta a livello federale.<\/p><p>Le mie prestazioni terapeutiche sono quindi riconosciute dalle assicurazioni complementari delle Casse Malattia e dall\u2019AI, e anche dalla LaMal.<\/p><p>Sono specializzata nel trattamento individuale, di coppia e di gruppo, a partire dai 16 anni di et\u00e0.<\/p><p>Le mie aree di intervento specialistiche sono:<\/p><ul><li>i Disturbi d\u2019Ansia (in particolare gli Attacchi di Panico con l\u2019approccio cognitivo-comportamentale),<\/li><li>i Disturbi dell\u2019Umore,<\/li><li>il miglioramento dell&#8217;autostima ,<\/li><li>i disturbi di Personalit\u00e0,<\/li><li>la disassuefazione da Tabacco<\/li><li>alcune problematiche sessuali femminili.<\/li><\/ul><p>Mi sto inoltre specializzando sulla Terapia di Coppia col Metodo Gottman<\/p>\t\t\t\t\t\t\t\t<\/div>\n\t\t\t\t<\/div>\n\t\t\t\t<div class=\"elementor-element elementor-element-44106bf elementor-widget elementor-widget-spacer\" data-id=\"44106bf\" data-element_type=\"widget\" data-e-type=\"widget\" data-widget_type=\"spacer.default\">\n\t\t\t\t<div class=\"elementor-widget-container\">\n\t\t\t\t\t\t\t<div class=\"elementor-spacer\">\n\t\t\t<div class=\"elementor-spacer-inner\"><\/div>\n\t\t<\/div>\n\t\t\t\t\t\t<\/div>\n\t\t\t\t<\/div>\n\t\t\t\t\t<\/div>\n\t\t<\/div>\n\t\t\t\t\t<\/div>\n\t\t<\/section>\n\t\t\t\t<section class=\"elementor-section elementor-top-section elementor-element elementor-element-7f15e66 elementor-section-boxed elementor-section-height-default elementor-section-height-default\" data-id=\"7f15e66\" data-element_type=\"section\" data-e-type=\"section\" data-settings=\"{&quot;background_background&quot;:&quot;classic&quot;}\">\n\t\t\t\t\t\t<div class=\"elementor-container elementor-column-gap-default\">\n\t\t\t\t\t<div class=\"elementor-column elementor-col-100 elementor-top-column elementor-element elementor-element-f4b0779\" data-id=\"f4b0779\" data-element_type=\"column\" data-e-type=\"column\" data-settings=\"{&quot;background_background&quot;:&quot;classic&quot;}\">\n\t\t\t<div class=\"elementor-widget-wrap elementor-element-populated\">\n\t\t\t\t\t\t<section class=\"elementor-section elementor-inner-section elementor-element elementor-element-27dc0b5 elementor-section-boxed elementor-section-height-default elementor-section-height-default\" data-id=\"27dc0b5\" data-element_type=\"section\" data-e-type=\"section\">\n\t\t\t\t\t\t<div class=\"elementor-container elementor-column-gap-default\">\n\t\t\t\t\t<div class=\"elementor-column elementor-col-100 elementor-inner-column elementor-element elementor-element-0bb8d9b\" data-id=\"0bb8d9b\" data-element_type=\"column\" data-e-type=\"column\">\n\t\t\t<div class=\"elementor-widget-wrap elementor-element-populated\">\n\t\t\t\t\t\t<div class=\"elementor-element elementor-element-6c5123f elementor-widget elementor-widget-image\" data-id=\"6c5123f\" data-element_type=\"widget\" data-e-type=\"widget\" data-widget_type=\"image.default\">\n\t\t\t\t<div class=\"elementor-widget-container\">\n\t\t\t\t\t\t\t\t\t\t\t\t\t\t\t<img fetchpriority=\"high\" decoding=\"async\" width=\"640\" height=\"479\" src=\"https:\/\/psicoterapiacognitivasdb.ch\/wp-content\/uploads\/2020\/11\/IMG_9988.jpeg\" class=\"attachment-large size-large wp-image-275\" alt=\"Sonia Dal Ben\" srcset=\"https:\/\/psicoterapiacognitivasdb.ch\/wp-content\/uploads\/2020\/11\/IMG_9988.jpeg 640w, https:\/\/psicoterapiacognitivasdb.ch\/wp-content\/uploads\/2020\/11\/IMG_9988-300x225.jpeg 300w\" sizes=\"(max-width: 640px) 100vw, 640px\" \/>\t\t\t\t\t\t\t\t\t\t\t\t\t\t\t<\/div>\n\t\t\t\t<\/div>\n\t\t\t\t\t<\/div>\n\t\t<\/div>\n\t\t\t\t\t<\/div>\n\t\t<\/section>\n\t\t\t\t\t<\/div>\n\t\t<\/div>\n\t\t\t\t\t<\/div>\n\t\t<\/section>\n\t\t\t\t<section class=\"elementor-section elementor-top-section elementor-element elementor-element-8f812c3 elementor-section-boxed elementor-section-height-default elementor-section-height-default\" data-id=\"8f812c3\" data-element_type=\"section\" data-e-type=\"section\" data-settings=\"{&quot;background_background&quot;:&quot;classic&quot;}\">\n\t\t\t\t\t\t<div class=\"elementor-container elementor-column-gap-default\">\n\t\t\t\t\t<div class=\"elementor-column elementor-col-100 elementor-top-column elementor-element elementor-element-64a21eb\" data-id=\"64a21eb\" data-element_type=\"column\" data-e-type=\"column\" data-settings=\"{&quot;background_background&quot;:&quot;classic&quot;}\">\n\t\t\t<div class=\"elementor-widget-wrap elementor-element-populated\">\n\t\t\t\t\t\t<section class=\"elementor-section elementor-inner-section elementor-element elementor-element-604ab1e elementor-section-boxed elementor-section-height-default elementor-section-height-default\" data-id=\"604ab1e\" data-element_type=\"section\" data-e-type=\"section\">\n\t\t\t\t\t\t<div class=\"elementor-container elementor-column-gap-default\">\n\t\t\t\t\t<div class=\"elementor-column elementor-col-100 elementor-inner-column elementor-element elementor-element-4f0da75\" data-id=\"4f0da75\" data-element_type=\"column\" data-e-type=\"column\">\n\t\t\t<div class=\"elementor-widget-wrap elementor-element-populated\">\n\t\t\t\t\t\t<div class=\"elementor-element elementor-element-bb4e8b0 elementor-widget elementor-widget-text-editor\" data-id=\"bb4e8b0\" data-element_type=\"widget\" data-e-type=\"widget\" data-widget_type=\"text-editor.default\">\n\t\t\t\t<div class=\"elementor-widget-container\">\n\t\t\t\t\t\t\t\t\t<h4>La mia storia professionale:<\/h4>\t\t\t\t\t\t\t\t<\/div>\n\t\t\t\t<\/div>\n\t\t\t\t<div class=\"elementor-element elementor-element-ad0602b elementor-widget elementor-widget-text-editor\" data-id=\"ad0602b\" data-element_type=\"widget\" data-e-type=\"widget\" data-widget_type=\"text-editor.default\">\n\t\t\t\t<div class=\"elementor-widget-container\">\n\t\t\t\t\t\t\t\t\t<p>Ho sempre avuto un grande interesse per la Psicologia, fin da adolescente.<\/p><p>Dopo la laurea in <strong>Psicologia Clinica all&#8217;Universit\u00e0 di Padova<\/strong>, conseguita nel 2004, ho svolto il tirocinio post lauream presso il<strong> Policlinico Universitario G.B.Rossi<\/strong> di Verona, presso l&#8217; <strong>U.O. di Psichiatria<\/strong> e presso il <strong>Centro Ricerche dell\u2019OMS<\/strong> per la <strong>Ricerca sulla Salute Mentale<\/strong>.<\/p><p>Succesivamente ho frequentato la <strong>Scuola di Psicoterapia Cognitiva <\/strong>della <strong>Societ\u00e0 Italiana Terapia Cognitivo Comportametale<\/strong> (SITCC) , nella sede di Verona e mi sono diplomata nel 2010.<\/p><p>Ho svolto il tirocinio pratico per la Specialit\u00e0 presso la <strong>Clinica Villa Margherita di Vicenza<\/strong>, nel reparto <strong>Disturbi di Personalit\u00e0<\/strong>, e presso l&#8217;<strong>U.O. Medicina<\/strong> delle <strong>Dipendenze del Policlinico G.B.Rossi<\/strong>, dove mi occupavo di <strong>Tabagismo e dipendenza da benzodiazepine<\/strong>, e dove ho perfezionato la gestione di vari gruppi terapeutici (attacchi di panico, Skill Training o abilit\u00e0, per i pazienti Bordeline (basata sul modello di Marsha Linenan) , Disassuefazione da Tabacco).<\/p><p>Nel 2010, dopo l&#8217;ottenimento della <strong>Specializzazione<\/strong> e del titolo di Psicoterapeuta in Italia, ho lavorato presso l&#8217;<strong>Ospedale Orlandi<\/strong> di Bussolengo -VR- nella U.O. di Pneumologia, dove mi occupavo di un progetto di ricerca sui danni Cognitivi derivanti dalle malattie respiratorie croniche e dal consumo di tabacco.<\/p><p>Contemporaneamente lavoravo in 2 studi privati a Peschiera del Garda e Verona, fino al 2012, quando mi sono trasferita in Svizzera per motivi \u201cdi cuore\u201d, ed ho ottenuto il riconoscimento dei titoli di<strong> Psicologa e Psicoterapeuta FSP presso la Federazione Svizzera Psicologi<\/strong> (FSP), e dove ho prestato servizio presso il <strong>Centro di Psicoterapia Cognitiva della Dr.ssa Salari di Bellinzona<\/strong>.<\/p>\t\t\t\t\t\t\t\t<\/div>\n\t\t\t\t<\/div>\n\t\t\t\t<div class=\"elementor-element elementor-element-28e8210 elementor-button-info elementor-align-left elementor-widget elementor-widget-button\" data-id=\"28e8210\" data-element_type=\"widget\" data-e-type=\"widget\" data-widget_type=\"button.default\">\n\t\t\t\t<div class=\"elementor-widget-container\">\n\t\t\t\t\t\t\t\t\t<div class=\"elementor-button-wrapper\">\n\t\t\t\t\t<a class=\"elementor-button elementor-button-link elementor-size-sm\" href=\"https:\/\/psicoterapiacognitivasdb.ch\/wp-content\/uploads\/2020\/11\/Sonia-Dal-Ben.pdf\" target=\"_blank\">\n\t\t\t\t\t\t<span class=\"elementor-button-content-wrapper\">\n\t\t\t\t\t\t\t\t\t<span class=\"elementor-button-text\">Curriculum Vitae<\/span>\n\t\t\t\t\t<\/span>\n\t\t\t\t\t<\/a>\n\t\t\t\t<\/div>\n\t\t\t\t\t\t\t\t<\/div>\n\t\t\t\t<\/div>\n\t\t\t\t<div class=\"elementor-element elementor-element-802abd9 elementor-shape-rounded elementor-grid-0 e-grid-align-center elementor-widget elementor-widget-social-icons\" data-id=\"802abd9\" data-element_type=\"widget\" data-e-type=\"widget\" data-widget_type=\"social-icons.default\">\n\t\t\t\t<div class=\"elementor-widget-container\">\n\t\t\t\t\t\t\t<div class=\"elementor-social-icons-wrapper elementor-grid\" role=\"list\">\n\t\t\t\t\t\t\t<span class=\"elementor-grid-item\" role=\"listitem\">\n\t\t\t\t\t<a class=\"elementor-icon elementor-social-icon elementor-social-icon-facebook elementor-repeater-item-94682c5\" target=\"_blank\">\n\t\t\t\t\t\t<span class=\"elementor-screen-only\">Facebook<\/span>\n\t\t\t\t\t\t<i aria-hidden=\"true\" class=\"fab fa-facebook\"><\/i>\t\t\t\t\t<\/a>\n\t\t\t\t<\/span>\n\t\t\t\t\t\t\t<span class=\"elementor-grid-item\" role=\"listitem\">\n\t\t\t\t\t<a class=\"elementor-icon elementor-social-icon elementor-social-icon-youtube elementor-repeater-item-32c0ebe\" target=\"_blank\">\n\t\t\t\t\t\t<span class=\"elementor-screen-only\">Youtube<\/span>\n\t\t\t\t\t\t<i aria-hidden=\"true\" class=\"fab fa-youtube\"><\/i>\t\t\t\t\t<\/a>\n\t\t\t\t<\/span>\n\t\t\t\t\t<\/div>\n\t\t\t\t\t\t<\/div>\n\t\t\t\t<\/div>\n\t\t\t\t\t<\/div>\n\t\t<\/div>\n\t\t\t\t\t<\/div>\n\t\t<\/section>\n\t\t\t\t\t<\/div>\n\t\t<\/div>\n\t\t\t\t\t<\/div>\n\t\t<\/section>\n\t\t\t\t<section class=\"elementor-section elementor-top-section elementor-element elementor-element-338a2e4 elementor-section-boxed elementor-section-height-default elementor-section-height-default\" data-id=\"338a2e4\" data-element_type=\"section\" data-e-type=\"section\" data-settings=\"{&quot;background_background&quot;:&quot;classic&quot;}\">\n\t\t\t\t\t\t<div class=\"elementor-container elementor-column-gap-default\">\n\t\t\t\t\t<div class=\"elementor-column elementor-col-100 elementor-top-column elementor-element elementor-element-d63648b\" data-id=\"d63648b\" data-element_type=\"column\" data-e-type=\"column\">\n\t\t\t<div class=\"elementor-widget-wrap elementor-element-populated\">\n\t\t\t\t\t\t<div class=\"elementor-element elementor-element-9452f8e elementor-widget elementor-widget-text-editor\" data-id=\"9452f8e\" data-element_type=\"widget\" data-e-type=\"widget\" data-widget_type=\"text-editor.default\">\n\t\t\t\t<div class=\"elementor-widget-container\">\n\t\t\t\t\t\t\t\t\t<p><em>&#8220;Andare dallo psicologo non \u00e8 \u201cper i pazzi\u201d, ma per tutti, poich\u00e9 tutti possiamo avere un momento di difficolt\u00e0, dove non sappiamo che strada prendere, dove abbiamo mille dubbi, dove ci sentiamo tristi o ansiosi o dopo che abbiamo subito un lutto, o anche semplicemente per conoscere meglio noi stessi. Il professionista siede al tuo fianco nel tuo momento buio, e ti fa luce lungo la strada&#8221;<\/em><\/p>\t\t\t\t\t\t\t\t<\/div>\n\t\t\t\t<\/div>\n\t\t\t\t\t<\/div>\n\t\t<\/div>\n\t\t\t\t\t<\/div>\n\t\t<\/section>\n\t\t\t\t<\/div>\n\t\t","protected":false},"excerpt":{"rendered":"<p>Sonia Dal Ben Psicologa e Psicoterapeuta Cognitiva \u201cAndare dallo piscologo non \u00e8 &#8216;per i pazzi&#8217;, \u00e8 per tutti, poich\u00e8 tutti possiamo avere un momento di difficolt\u00e0, dove non sappiamo che strada prendere, dove abbiamo mille dubbi, dove ci sentiamo tristi o ansiosi , o anche semplicemente per conoscere meglio noi stessi.\u00a0\u00a0\u00a0\u00a0\u00a0\u00a0\u00a0 Il professionista siede al&hellip;&nbsp;<a href=\"https:\/\/psicoterapiacognitivasdb.ch\/?page_id=273\" rel=\"bookmark\">Leggi tutto &raquo;<span class=\"screen-reader-text\">Sonia Dal Ben<\/span><\/a><\/p>\n","protected":false},"author":1,"featured_media":0,"parent":6,"menu_order":0,"comment_status":"closed","ping_status":"closed","template":"page-templates\/template-pagebuilder-full-width.php","meta":{"neve_meta_sidebar":"full-width","neve_meta_container":"","neve_meta_enable_content_width":"on","neve_meta_content_width":100,"neve_meta_title_alignment":"","neve_meta_author_avatar":"","neve_post_elements_order":"","neve_meta_disable_header":"","neve_meta_disable_footer":"","neve_meta_disable_title":"","footnotes":""},"class_list":["post-273","page","type-page","status-publish","hentry"],"_links":{"self":[{"href":"https:\/\/psicoterapiacognitivasdb.ch\/index.php?rest_route=\/wp\/v2\/pages\/273","targetHints":{"allow":["GET"]}}],"collection":[{"href":"https:\/\/psicoterapiacognitivasdb.ch\/index.php?rest_route=\/wp\/v2\/pages"}],"about":[{"href":"https:\/\/psicoterapiacognitivasdb.ch\/index.php?rest_route=\/wp\/v2\/types\/page"}],"author":[{"embeddable":true,"href":"https:\/\/psicoterapiacognitivasdb.ch\/index.php?rest_route=\/wp\/v2\/users\/1"}],"replies":[{"embeddable":true,"href":"https:\/\/psicoterapiacognitivasdb.ch\/index.php?rest_route=%2Fwp%2Fv2%2Fcomments&post=273"}],"version-history":[{"count":25,"href":"https:\/\/psicoterapiacognitivasdb.ch\/index.php?rest_route=\/wp\/v2\/pages\/273\/revisions"}],"predecessor-version":[{"id":661,"href":"https:\/\/psicoterapiacognitivasdb.ch\/index.php?rest_route=\/wp\/v2\/pages\/273\/revisions\/661"}],"up":[{"embeddable":true,"href":"https:\/\/psicoterapiacognitivasdb.ch\/index.php?rest_route=\/wp\/v2\/pages\/6"}],"wp:attachment":[{"href":"https:\/\/psicoterapiacognitivasdb.ch\/index.php?rest_route=%2Fwp%2Fv2%2Fmedia&parent=273"}],"curies":[{"name":"wp","href":"https:\/\/api.w.org\/{rel}","templated":true}]}}